{"id":679,"date":"2020-09-03T01:00:42","date_gmt":"2020-09-03T01:00:42","guid":{"rendered":"https:\/\/clientes.mi-martinez.com\/sabi\/?page_id=679"},"modified":"2020-09-03T01:01:28","modified_gmt":"2020-09-03T01:01:28","slug":"politica-para-el-tratamiento-de-la-informacion","status":"publish","type":"page","link":"https:\/\/clientes.mi-martinez.com\/sabi\/politica-para-el-tratamiento-de-la-informacion\/","title":{"rendered":"Pol\u00edtica para el tratamiento de la informaci\u00f3n"},"content":{"rendered":"<p>[vc_row][vc_column][vc_column_text]<\/p>\n<h2>POL\u00cdTICA PARA EL TRATAMIENTO DE LA INFORMACI\u00d3N SABI TECH S.A.S.<\/h2>\n<p>Las pol\u00edticas contenidas en el presente documento se elaboraron teniendo en cuenta las disposiciones contenidas en los art\u00edculos 15 y 20 de la Constituci\u00f3n Pol\u00edtica, la Ley 1581 de 2012 \u201cPor la cual se dictan disposiciones generales para la protecci\u00f3n de datos personales\u201d y el Decreto 1377 de 2013 \u201cpor el cual se reglamenta parcialmente la ley 1581 de 2012.\u201d<br \/>\nLas pol\u00edticas que se describen a continuaci\u00f3n se aplican al tratamiento de los datos de car\u00e1cter personal que recoja y controle SABI S.A.S. con domicilio en la Cra. 11\u00aa # 69-35, Bogot\u00e1 D.C., correo electr\u00f3nico protecci\u00f3ndedatos@sabi.com.co y tel\u00e9fono 57 (1) 7953800.<br \/>\nLas pol\u00edticas y procedimientos contenidos en el presente documento aplican a las bases de datos y registros hist\u00f3ricos que maneja SABI S.A.S. cuyo per\u00edodo de vigencia va hasta el a\u00f1o 2030.<\/p>\n<p>&nbsp;<\/p>\n<h3>TRATAMIENTO AL CUAL SER\u00c1N SOMETIDOS LOS DATOS PERSONALES RECOGIDOS SABI S.A.S.<\/h3>\n<p>Los datos personales respecto de los cuales SABI S.A.S. ostenta el car\u00e1cter de responsable son incluidos en bases de datos y ser\u00e1n utilizados para las siguientes finalidades:<\/p>\n<ul>\n<li>Realizar actividades de seguimiento, monitoreo y control log\u00edstico de conductores y veh\u00edculos de carga.<\/li>\n<li>Generar informes o estad\u00edsticas de desempe\u00f1o o registros hist\u00f3ricos de veh\u00edculos de carga y conductores para nuestros clientes.<\/li>\n<li>Realizar procesos de trazabilidad de conductores y veh\u00edculos de carga en ejecuci\u00f3n de contratos de transporte.<\/li>\n<li>Prestar los servicios de identificaci\u00f3n, validaci\u00f3n, registro, inspecci\u00f3n y transmisi\u00f3n en l\u00ednea de veh\u00edculos de carga y conductores, tomando como fuente de informaci\u00f3n una red de puestos de control f\u00edsicos o electr\u00f3nicos con tecnolog\u00eda de identificaci\u00f3n por radio frecuencia (RFID) dispuesta en las principales v\u00edas de Colombia, informaci\u00f3n capturada por cualquier dispositivo de comunicaci\u00f3n v\u00eda voz y datos, e informaci\u00f3n capturada por sistemas de posicionamiento global GPS.<\/li>\n<li>Ofrecer servicios y bienes de inter\u00e9s a los transportadores y empresas de transporte.<\/li>\n<\/ul>\n<p>La informaci\u00f3n objeto de tratamiento por parte de SABI podr\u00e1 ser transmitida para uso de terceros \u00fanicamente cuando medie con esos terceros contrato suscrito con SABI S.A.S. y para prop\u00f3sitos similares o an\u00e1logos a los arriba indicados.<\/p>\n<p>&nbsp;<\/p>\n<h3>DERECHOS QUE LE ASISTEN COMO TITULAR DE LA INFORMACI\u00d3N CONTENIDA EN NUESTRAS BASES DE DATOS<\/h3>\n<p>De conformidad con lo establecido en el art\u00edculo 8 de la Ley 1581 de 2012 el titular de los datos personales tiene los siguientes derechos:<\/p>\n<p>a) Conocer, actualizar y rectificar sus datos personales frente a SABI S.A.S., en su condici\u00f3n de responsable del tratamiento.<br \/>\nb) Solicitar prueba de la autorizaci\u00f3n otorgada a SABI S.A.S. en su condici\u00f3n de Responsable del Tratamiento.<br \/>\nc) Ser informado por SABI S.A.S. previa solicitud, respecto del uso que le ha dado a sus datos personales.<br \/>\nd) Presentar ante la Superintendencia de Industria y Comercio quejas por infracciones a lo dispuesto en la Ley 1581 de 2012, una vez haya agotado el tr\u00e1mite de consulta o reclamo ante el Responsable del Tratamiento<br \/>\ne) Revocar la autorizaci\u00f3n y\/o solicitar la supresi\u00f3n del dato cuando en el Tratamiento no se respeten los principios, derechos y garant\u00edas constitucionales y legales.<br \/>\nf) Acceder en forma gratuita a sus datos personales que hayan sido objeto de Tratamiento.<\/p>\n<p>&nbsp;<\/p>\n<h3>PROCEDIMIENTOS DE ACCESO, CONSULTA, RECTIFICACI\u00d3N Y ACTUALIZACI\u00d3N DE LA INFORMACI\u00d3N<\/h3>\n<p>Los titulares de la informaci\u00f3n tienen derecho a acceder a sus datos personales y a los detalles del tratamiento de los mismos, as\u00ed como a rectificarlos y actualizarlos en caso de ser inexactos o a solicitar su eliminaci\u00f3n cuando considere que resulten ser excesivos o innecesarios para las finalidades que justificaron su obtenci\u00f3n u oponerse al tratamiento de los mismos para fines espec\u00edficos. Las v\u00edas que se han implementado para garantizar el ejercicio de dichos derechos, a trav\u00e9s de la presentaci\u00f3n de la solicitud respectiva son:<br \/>\nNuestras dependencias f\u00edsicas, en el \u00e1rea encargada de la protecci\u00f3n de datos Servicio al Cliente, ubicada en la <strong>Cra.11\u00aa#69-35<\/strong> Bogot\u00e1 D.C., correo electr\u00f3nico <strong>protecciondedatos@sabi.com.co<\/strong> y tel\u00e9fono<strong> 57 (1)7953800.<\/strong><br \/>\nLa direcci\u00f3n electr\u00f3nica es www.sabi.com.co<br \/>\nLos anteriores mecanismos se han habilitado para que los titulares de informaci\u00f3n o terceros autorizados por ley para actuar en su nombre puedan ejercer los siguientes derechos:<\/p>\n<p><strong>I. DERECHO DE ACCESO:<\/strong> El titular de la informaci\u00f3n podr\u00e1 consultar de forma gratuita sus datos personales al menos una vez cada mes calendario. Para conocer los datos personales que son objeto de tratamiento por parte de <strong>SABI S.A.S.<\/strong> el titular de informaci\u00f3n podr\u00e1 elevar una solicitud indicando la informaci\u00f3n que desea conocer a trav\u00e9s de cualquiera de los mecanismos arriba se\u00f1alados.<\/p>\n<p>La petici\u00f3n ser\u00e1 atendida en un t\u00e9rmino m\u00e1ximo de diez (10) d\u00edas h\u00e1biles contados a partir de la fecha de recibo de la misma. Cuando no fuere posible atender la petici\u00f3n dentro de dicho t\u00e9rmino, este hecho se informar\u00e1 al solicitante, expresando los motivos de la demora y se\u00f1alando la fecha en que se atender\u00e1 su consulta, la cual en ning\u00fan caso podr\u00e1 superar los cinco (5) d\u00edas h\u00e1biles siguientes al vencimiento del primer t\u00e9rmino.<\/p>\n<p><strong>II. RECLAMOS<\/strong>. De conformidad con lo establecido en el art\u00edculo 14 de la Ley 1581 de 2012, cuando el Titular o sus causahabientes consideren que la informaci\u00f3n contenida en una base de datos debe ser objeto de correcci\u00f3n, actualizaci\u00f3n o supresi\u00f3n, o cuando deba ser revocada por advertirse el presunto incumplimiento de cualquiera de los deberes contenidos en la Ley 1581 de 2012, podr\u00e1n presentar un reclamo ante <strong>SABI S.A.S<\/strong>., el cual ser\u00e1 tramitado bajo las siguientes reglas:<br \/>\nLos derechos de rectificaci\u00f3n, actualizaci\u00f3n o supresi\u00f3n o revocatoria del consentimiento \u00fanicamente se podr\u00e1n ejercer por:<\/p>\n<ul>\n<li>El titular o sus causahabientes, previa acreditaci\u00f3n de su identidad.<\/li>\n<li>Su representante, previa acreditaci\u00f3n de la representaci\u00f3n.<\/li>\n<li>Por estipulaci\u00f3n a favor de otro o para otro.<\/li>\n<\/ul>\n<p>Cuando la solicitud sea formulada por persona distinta del titular y no se acredite que la misma act\u00faa en representaci\u00f3n de aqu\u00e9l, se tendr\u00e1 por no presentada. La solicitud de rectificaci\u00f3n, actualizaci\u00f3n, supresi\u00f3n o revocatoria debe ser presentada a trav\u00e9s de los medios habilitados por<strong> SABI S.A.S.<\/strong> y contener, como m\u00ednimo, la siguiente informaci\u00f3n:<\/p>\n<ul>\n<li>El nombre y domicilio del titular o cualquier otro medio para recibir la respuesta.<\/li>\n<li>Los documentos que acrediten la identidad del solicitante y en caso dado, la de su representante con la respectiva autorizaci\u00f3n.<\/li>\n<li>La descripci\u00f3n clara y precisa de los datos personales respecto de los cuales el titular busca ejercer alguno de los derechos y la solicitud concreta.<\/li>\n<li>En caso dado otros elementos o documentos que faciliten la localizaci\u00f3n de los datos personales.<\/li>\n<\/ul>\n<p>El t\u00e9rmino m\u00e1ximo para atender el reclamo ser\u00e1 de quince (15) d\u00edas h\u00e1biles contados a partir del d\u00eda siguiente a la fecha de su recibo. Cuando no fuere posible atender el reclamo dentro de dicho t\u00e9rmino, se informar\u00e1 al interesado los motivos de la demora y la fecha en que se atender\u00e1 su reclamo, la cual en ning\u00fan caso podr\u00e1 superar los ocho (8) d\u00edas h\u00e1biles siguientes al vencimiento del primer t\u00e9rmino.<\/p>\n<p>&nbsp;<\/p>\n<h3>DATOS SENSIBLES<\/h3>\n<p>De conformidad con lo establecido en el art\u00edculo 6 de la Ley 1581 de 2012 se consideran como datos sensibles aquellos que afectan la intimidad del Titular o cuyo uso indebido puede generar su discriminaci\u00f3n, tales como aquellos que revelen el origen racial o \u00e9tnico, la orientaci\u00f3n pol\u00edtica, las convicciones religiosas o filos\u00f3ficas, la pertenencia a sindicatos, organizaciones sociales, de derechos humanos o que promueva intereses de cualquier partido pol\u00edtico o que garanticen los derechos y garant\u00edas de partidos pol\u00edticos de oposici\u00f3n as\u00ed como los datos relativos a la salud, a la vida sexual y los datos biom\u00e9tricos.<br \/>\nEn el evento en que el tratamiento involucre datos calificados por la ley como sensibles <strong>SABI S.A.S<\/strong> deber\u00e1 contar con expresa y previa autorizaci\u00f3n de tratamiento y se obliga a hacer uso de los mismos de conformidad con las reglas establecidas en el art\u00edculo 6 del Decreto 1377 de 2013.<\/p>\n<p>&nbsp;<\/p>\n<h3>\u00c1REA RESPONSABLE DE LA ATENCI\u00d3N DE LA PETICIONES, CONSULTAS, RECLAMOS<\/h3>\n<p>El \u00e1rea responsable de atender las peticiones de acceso, rectificaci\u00f3n, actualizaci\u00f3n, supresi\u00f3n de datos o revocatoria del consentimiento o autorizaci\u00f3n otorgada para el tratamiento de sus datos personales, es Servicio al Cliente, ubicada en la<strong> Cra.11\u00aa No. 69-35 Bogot\u00e1 D.C<\/strong>., correo electr\u00f3nico <strong>protecciondedatos@sabi.net.co<\/strong> y tel\u00e9fono <strong>57 (1) 7953800.<\/strong><\/p>\n<blockquote><p>Las pol\u00edticas de tratamiento de la informaci\u00f3n contenida en el presente documento entraron en vigencia el 25 de julio de 2013.<\/p><\/blockquote>\n<p>[\/vc_column_text]<div class=\"ult-spacer spacer-69d11e586ca32\" data-id=\"69d11e586ca32\" data-height=\"50\" data-height-mobile=\"20\" data-height-tab=\"\" data-height-tab-portrait=\"\" data-height-mobile-landscape=\"20\" style=\"clear:both;display:block;\"><\/div>[\/vc_column][\/vc_row]<\/p>\n","protected":false},"excerpt":{"rendered":"<p>[vc_row][vc_column][vc_column_text] POL\u00cdTICA PARA EL TRATAMIENTO DE LA INFORMACI\u00d3N SABI TECH S.A.S. Las pol\u00edticas contenidas en el presente documento se elaboraron teniendo en cuenta las disposiciones&hellip;<\/p>\n","protected":false},"author":1,"featured_media":0,"parent":0,"menu_order":0,"comment_status":"closed","ping_status":"closed","template":"","meta":[],"_links":{"self":[{"href":"https:\/\/clientes.mi-martinez.com\/sabi\/wp-json\/wp\/v2\/pages\/679"}],"collection":[{"href":"https:\/\/clientes.mi-martinez.com\/sabi\/wp-json\/wp\/v2\/pages"}],"about":[{"href":"https:\/\/clientes.mi-martinez.com\/sabi\/wp-json\/wp\/v2\/types\/page"}],"author":[{"embeddable":true,"href":"https:\/\/clientes.mi-martinez.com\/sabi\/wp-json\/wp\/v2\/users\/1"}],"replies":[{"embeddable":true,"href":"https:\/\/clientes.mi-martinez.com\/sabi\/wp-json\/wp\/v2\/comments?post=679"}],"version-history":[{"count":6,"href":"https:\/\/clientes.mi-martinez.com\/sabi\/wp-json\/wp\/v2\/pages\/679\/revisions"}],"predecessor-version":[{"id":685,"href":"https:\/\/clientes.mi-martinez.com\/sabi\/wp-json\/wp\/v2\/pages\/679\/revisions\/685"}],"wp:attachment":[{"href":"https:\/\/clientes.mi-martinez.com\/sabi\/wp-json\/wp\/v2\/media?parent=679"}],"curies":[{"name":"wp","href":"https:\/\/api.w.org\/{rel}","templated":true}]}}